{"id":190,"date":"2020-12-19T10:51:46","date_gmt":"2020-12-19T10:51:46","guid":{"rendered":"http:\/\/sw-themes.com\/porto_dummy\/?page_id=190"},"modified":"2023-11-14T18:13:29","modified_gmt":"2023-11-14T18:13:29","slug":"services","status":"publish","type":"page","link":"https:\/\/divatech.ma\/?page_id=190","title":{"rendered":"Services"},"content":{"rendered":"<section class=\"wpb-content-wrapper\"><p>[vc_row wrap_container=\u00a0\u00bbyes\u00a0\u00bb el_class=\u00a0\u00bbposition-relative z-index-2 pt-5&Prime; css=\u00a0\u00bb.vc_custom_1608388351951{background-color: #f7f7f7 !important;}\u00a0\u00bb][vc_column el_class=\u00a0\u00bbpt-3&Prime;]<div class=\"porto-animation overflow-hidden\" >[vc_custom_heading text=\u00a0\u00bbCE QUE NOUS FAISONS\u00a0\u00bb font_container=\u00a0\u00bbtag:h3|font_size:1.2em|text_align:center|line_height:42px\u00a0\u00bb use_theme_fonts=\u00a0\u00bbyes\u00a0\u00bb font_weight=\u00a0\u00bb500&Prime; skin=\u00a0\u00bbprimary\u00a0\u00bb letter_spacing=\u00a0\u00bb2.5px\u00a0\u00bb animation_delay=\u00a0\u00bb200&Prime; el_class=\u00a0\u00bbmb-0&Prime; animation_type=\u00a0\u00bbmaskUp\u00a0\u00bb]<\/div><div class=\"porto-animation overflow-hidden mb-3\" >[vc_custom_heading text=\u00a0\u00bbNos Services de Cool Roofing\u00a0\u00bb font_container=\u00a0\u00bbtag:h2|font_size:2.5em|text_align:center|line_height:1.2&Prime; use_theme_fonts=\u00a0\u00bbyes\u00a0\u00bb font_weight=\u00a0\u00bb700&Prime; animation_delay=\u00a0\u00bb500&Prime; el_class=\u00a0\u00bbmb-0&Prime; animation_type=\u00a0\u00bbmaskUp\u00a0\u00bb]<\/div>[vc_custom_heading text=\u00a0\u00bbChez DIVATECH, nous sommes d\u00e9termin\u00e9s \u00e0 offrir une gamme compl\u00e8te de services de cool roofing pour r\u00e9pondre aux besoins de nos clients. Nos services sont con\u00e7us pour am\u00e9liorer l&rsquo;efficacit\u00e9 \u00e9nerg\u00e9tique de votre b\u00e2timent, r\u00e9duire les co\u00fbts de refroidissement et contribuer \u00e0 un environnement plus durable. \u00a0\u00bb font_container=\u00a0\u00bbtag:p|font_size:1.4em|text_align:center|line_height:1.7&Prime; use_theme_fonts=\u00a0\u00bbyes\u00a0\u00bb animation_delay=\u00a0\u00bb600&Prime; el_class=\u00a0\u00bbcustom-font1 col-lg-9 col-xl-8 px-0 mx-auto mb-5&Prime; animation_type=\u00a0\u00bbfadeInUp\u00a0\u00bb][\/vc_column][\/vc_row][vc_row no_padding=\u00a0\u00bbyes\u00a0\u00bb el_class=\u00a0\u00bbpc-section-shape-background py-5&Prime; css=\u00a0\u00bb.vc_custom_1608028413837{background-color: #f7f7f7 !important;}\u00a0\u00bb][vc_column][vc_custom_heading text=\u00a0\u00bb\u00a0\u00bb font_container=\u00a0\u00bbtag:div|text_align:left\u00a0\u00bb use_theme_fonts=\u00a0\u00bbyes\u00a0\u00bb el_class=\u00a0\u00bbcustom-shape-divider z-index-1&Prime; css=\u00a0\u00bb.vc_custom_1608028550795{padding-top: 65px !important;padding-bottom: 64px !important;}\u00a0\u00bb]<div class=\"porto-container container position-relative z-index-2 mt-3 mb-5\">[vc_row_inner content_placement=\u00a0\u00bbmiddle\u00a0\u00bb][vc_column_inner el_class=\u00a0\u00bbpe-lg-5 mb-4 mb-lg-0&Prime; offset=\u00a0\u00bbvc_col-md-6&Prime;][vc_single_image image=\u00a0\u00bb406&Prime; img_size=\u00a0\u00bbfull\u00a0\u00bb animation_delay=\u00a0\u00bb200&Prime; el_class=\u00a0\u00bbmb-0 box-shadow-3&Prime; animation_type=\u00a0\u00bbfadeInLeft\u00a0\u00bb label=\u00a0\u00bb\u00a0\u00bb][\/vc_column_inner][vc_column_inner animation_delay=\u00a0\u00bb500&Prime; offset=\u00a0\u00bbvc_col-md-6&Prime; animation_type=\u00a0\u00bbfadeInLeft\u00a0\u00bb][vc_custom_heading text=\u00a0\u00bbPRINCIPAUX SERVICES\u00a0\u00bb font_container=\u00a0\u00bbtag:h3|font_size:1.2em|text_align:left|line_height:42px\u00a0\u00bb use_theme_fonts=\u00a0\u00bbyes\u00a0\u00bb font_weight=\u00a0\u00bb500&Prime; skin=\u00a0\u00bbprimary\u00a0\u00bb letter_spacing=\u00a0\u00bb2.5px\u00a0\u00bb animation_delay=\u00a0\u00bb\u00a0\u00bb el_class=\u00a0\u00bbmb-0&Prime;][vc_custom_heading text=\u00a0\u00bbD\u00e9couvrez nos principaux services de cool roofing :\u00a0\u00bb font_container=\u00a0\u00bbtag:p|font_size:1.4em|text_align:left|line_height:1.7&Prime; use_theme_fonts=\u00a0\u00bbyes\u00a0\u00bb animation_delay=\u00a0\u00bb\u00a0\u00bb el_class=\u00a0\u00bbcustom-font1 pb-3 mb-4&Prime;]<div class=\"porto-sicon-box mb-3  wpb_custom_1efe903570d178ff0a9b7bfa5febd3a4 style_1 default-icon flex-wrap\"><div class=\"porto-sicon-default\"><div class=\"porto-just-icon-wrapper porto-icon advanced\" style=\"color:#222529;border-style:solid;border-color:#e9e9e9;border-width:1px;width:28px;height:28px;line-height:28px;border-radius:15px;font-size:18px;margin-right:10px;\"><i class=\"fas fa-check\"><\/i><\/div><\/div><div class=\"porto-sicon-header\"><h5 class=\"porto-sicon-title\" style=\"font-weight:600;font-size:14px;letter-spacing:0;\">1. \u00c9valuation Gratuite de la Toiture<\/h5><\/div> <!-- header --><div class=\"porto-sicon-description\" style=\"\">Avant de commencer tout projet de cool roofing, notre \u00e9quipe effectue une \u00e9valuation compl\u00e8te de votre toiture actuelle. Nous examinons l&rsquo;\u00e9tat de votre toit, son mat\u00e9riau, son \u00e2ge et son \u00e9tanch\u00e9it\u00e9. Cette \u00e9valuation nous permet de d\u00e9terminer si votre b\u00e2timent est adapt\u00e9 au cool roofing.<\/div> <!-- description --><\/div><!-- porto-sicon-box --><div class=\"porto-sicon-box mb-3  wpb_custom_1efe903570d178ff0a9b7bfa5febd3a4 style_1 default-icon flex-wrap\"><div class=\"porto-sicon-default\"><div class=\"porto-just-icon-wrapper porto-icon advanced\" style=\"color:#222529;border-style:solid;border-color:#e9e9e9;border-width:1px;width:28px;height:28px;line-height:28px;border-radius:15px;font-size:18px;margin-right:10px;\"><i class=\"fas fa-check\"><\/i><\/div><\/div><div class=\"porto-sicon-header\"><h5 class=\"porto-sicon-title\" style=\"font-weight:600;font-size:14px;letter-spacing:0;\">2. Installation de Cool Roofing<\/h5><\/div> <!-- header --><div class=\"porto-sicon-description\" style=\"\">L&rsquo;installation de cool roofing est l&rsquo;une de nos principales sp\u00e9cialit\u00e9s. Nous proposons une vari\u00e9t\u00e9 de solutions, notamment l&rsquo;application de membranes r\u00e9fl\u00e9chissantes, de rev\u00eatements cool roof et d&rsquo;autres mat\u00e9riaux innovants. Notre \u00e9quipe d&rsquo;experts en toiture garantit une installation de haute qualit\u00e9 pour am\u00e9liorer l&rsquo;efficacit\u00e9 \u00e9nerg\u00e9tique de votre b\u00e2timent.<\/div> <!-- description --><\/div><!-- porto-sicon-box --><div class=\"porto-sicon-box mb-3  wpb_custom_1efe903570d178ff0a9b7bfa5febd3a4 style_1 default-icon flex-wrap\"><div class=\"porto-sicon-default\"><div class=\"porto-just-icon-wrapper porto-icon advanced\" style=\"color:#222529;border-style:solid;border-color:#e9e9e9;border-width:1px;width:28px;height:28px;line-height:28px;border-radius:15px;font-size:18px;margin-right:10px;\"><i class=\"fas fa-check\"><\/i><\/div><\/div><div class=\"porto-sicon-header\"><h5 class=\"porto-sicon-title\" style=\"font-weight:600;font-size:14px;letter-spacing:0;\">3. Entretien et R\u00e9parations<\/h5><\/div> <!-- header --><div class=\"porto-sicon-description\" style=\"\">Pour garantir que votre cool roofing reste efficace au fil du temps, nous proposons des services d&rsquo;entretien et de r\u00e9parations. Notre \u00e9quipe peut nettoyer et entretenir votre toit, r\u00e9parer tout dommage \u00e9ventuel et prolonger la dur\u00e9e de vie de votre cool roofing.<\/div> <!-- description --><\/div><!-- porto-sicon-box --><div class=\"porto-sicon-box mb-3  wpb_custom_1efe903570d178ff0a9b7bfa5febd3a4 style_1 default-icon flex-wrap\"><div class=\"porto-sicon-default\"><div class=\"porto-just-icon-wrapper porto-icon advanced\" style=\"color:#222529;border-style:solid;border-color:#e9e9e9;border-width:1px;width:28px;height:28px;line-height:28px;border-radius:15px;font-size:18px;margin-right:10px;\"><i class=\"fas fa-check\"><\/i><\/div><\/div><div class=\"porto-sicon-header\"><h5 class=\"porto-sicon-title\" style=\"font-weight:600;font-size:14px;letter-spacing:0;\">4. \u00c9valuation de l'\u00c9nergie<\/h5><\/div> <!-- header --><div class=\"porto-sicon-description\" style=\"\">Nous offrons des services d&rsquo;\u00e9valuation de l&rsquo;\u00e9nergie pour mesurer l&rsquo;impact de votre cool roofing sur la consommation d&rsquo;\u00e9nergie de votre b\u00e2timent. Cette \u00e9valuation vous permet de suivre vos \u00e9conomies d&rsquo;\u00e9nergie et de v\u00e9rifier que votre toit cool roofing atteint ses objectifs.<\/div> <!-- description --><\/div><!-- porto-sicon-box --><div class=\"porto-sicon-box mb-3  wpb_custom_1efe903570d178ff0a9b7bfa5febd3a4 style_1 default-icon flex-wrap\"><div class=\"porto-sicon-default\"><div class=\"porto-just-icon-wrapper porto-icon advanced\" style=\"color:#222529;border-style:solid;border-color:#e9e9e9;border-width:1px;width:28px;height:28px;line-height:28px;border-radius:15px;font-size:18px;margin-right:10px;\"><i class=\"fas fa-check\"><\/i><\/div><\/div><div class=\"porto-sicon-header\"><h5 class=\"porto-sicon-title\" style=\"font-weight:600;font-size:14px;letter-spacing:0;\">5. R\u00e9novation de Toiture<\/h5><\/div> <!-- header --><div class=\"porto-sicon-description\" style=\"\">Si votre toit actuel n\u00e9cessite une r\u00e9novation compl\u00e8te, notre \u00e9quipe est l\u00e0 pour vous aider. Nous pouvons concevoir et installer un tout nouveau cool roof pour am\u00e9liorer l&rsquo;efficacit\u00e9 \u00e9nerg\u00e9tique de votre b\u00e2timent.<\/div> <!-- description --><\/div><!-- porto-sicon-box --><div class=\"porto-sicon-box mb-4 pb-2  wpb_custom_1efe903570d178ff0a9b7bfa5febd3a4 style_1 default-icon flex-wrap\"><div class=\"porto-sicon-default\"><div class=\"porto-just-icon-wrapper porto-icon advanced\" style=\"color:#222529;border-style:solid;border-color:#e9e9e9;border-width:1px;width:28px;height:28px;line-height:28px;border-radius:15px;font-size:18px;margin-right:10px;\"><i class=\"fas fa-arrow-alt-circle-right\"><\/i><\/div><\/div><div class=\"porto-sicon-header\"><h5 class=\"porto-sicon-title\" style=\"font-weight:600;font-size:14px;letter-spacing:0;\">Contactez-Nous pour des Solutions Personnalis\u00e9es<\/h5><\/div> <!-- header --><div class=\"porto-sicon-description\" style=\"\">Chaque b\u00e2timent est unique, c&rsquo;est pourquoi nous proposons des solutions de cool roofing personnalis\u00e9es pour r\u00e9pondre \u00e0 vos besoins sp\u00e9cifiques. Que vous cherchiez \u00e0 am\u00e9liorer l&rsquo;efficacit\u00e9 \u00e9nerg\u00e9tique, \u00e0 r\u00e9duire les co\u00fbts de refroidissement ou \u00e0 prolonger la dur\u00e9e de vie de votre toit, <strong>DIVATECH<\/strong> a la solution parfaite pour vous. Contactez-nous d\u00e8s aujourd&rsquo;hui pour discuter de votre projet de cool roofing.<\/div> <!-- description --><\/div><!-- porto-sicon-box -->[\/vc_column_inner][\/vc_row_inner]<\/div>[\/vc_column][\/vc_row][vc_row wrap_container=\u00a0\u00bbyes\u00a0\u00bb content_placement=\u00a0\u00bbmiddle\u00a0\u00bb css=\u00a0\u00bb.vc_custom_1699986005167{padding-top: 5.5rem !important;padding-bottom: 5.5rem !important;background: #b70b05 url(\/\/sw-themes.com\/porto_dummy\/wp-content\/uploads\/2020\/12\/industry-background-2.jpg?id=125) !important;background-position: center !important;background-repeat: no-repeat !important;background-size: cover !important;}\u00a0\u00bb el_class=\u00a0\u00bboverlay-primary\u00a0\u00bb conditional_render=\u00a0\u00bb%5B%7B%22value_role%22%3A%22administrator%22%7D%5D\u00a0\u00bb][vc_column width=\u00a0\u00bb2\/3&Prime; el_class=\u00a0\u00bbmb-4 mb-lg-0&Prime; offset=\u00a0\u00bbvc_col-md-9&Prime;][vc_custom_heading text=\u00a0\u00bbR\u00e9alisez Votre Prochain Projet!\u00a0\u00bb font_container=\u00a0\u00bbtag:h2|font_size:2.2em|text_align:left|line_height:1.3636&Prime; use_theme_fonts=\u00a0\u00bbyes\u00a0\u00bb font_weight=\u00a0\u00bb700&Prime; skin=\u00a0\u00bblight\u00a0\u00bb letter_spacing=\u00a0\u00bb.16em\u00a0\u00bb el_class=\u00a0\u00bbmb-0&Prime;][\/vc_column][vc_column offset=\u00a0\u00bbvc_col-md-3&Prime;][vc_btn title=\u00a0\u00bbContactez-Nous\u00a0\u00bb style=\u00a0\u00bbmodern\u00a0\u00bb size=\u00a0\u00bblg\u00a0\u00bb align=\u00a0\u00bbleft\u00a0\u00bb skin=\u00a0\u00bblight\u00a0\u00bb btn_fw=\u00a0\u00bb700&Prime; animation_delay=\u00a0\u00bb900&Prime; link=\u00a0\u00bburl:https%3A%2F%2Fdivatech.ma%2F%3Fpage_id%3D197|title:Contact\u00a0\u00bb el_class=\u00a0\u00bbbtn-triangle text-lg-end mb-0&Prime;][\/vc_column][\/vc_row]<\/p>\n<\/section>","protected":false},"excerpt":{"rendered":"<p>[vc_row wrap_container=\u00a0\u00bbyes\u00a0\u00bb el_class=\u00a0\u00bbposition-relative z-index-2 pt-5&Prime; css=\u00a0\u00bb.vc_custom_1608388351951{background-color: #f7f7f7 !important;}\u00a0\u00bb][vc_column el_class=\u00a0\u00bbpt-3&Prime;][vc_custom_heading text=\u00a0\u00bbChez DIVATECH, nous sommes d\u00e9termin\u00e9s \u00e0 offrir une gamme compl\u00e8te de services de cool roofing pour r\u00e9pondre aux besoins de nos clients. Nos services sont con\u00e7us pour am\u00e9liorer l&rsquo;efficacit\u00e9 \u00e9nerg\u00e9tique de votre b\u00e2timent, r\u00e9duire les co\u00fbts de refroidissement et contribuer \u00e0 un environnement plus durable. \u00a0\u00bb [&hellip;]<\/p>\n","protected":false},"author":1,"featured_media":0,"parent":0,"menu_order":0,"comment_status":"closed","ping_status":"closed","template":"","meta":{"footnotes":""},"class_list":["post-190","page","type-page","status-publish","hentry"],"acf":[],"_links":{"self":[{"href":"https:\/\/divatech.ma\/index.php?rest_route=\/wp\/v2\/pages\/190","targetHints":{"allow":["GET"]}}],"collection":[{"href":"https:\/\/divatech.ma\/index.php?rest_route=\/wp\/v2\/pages"}],"about":[{"href":"https:\/\/divatech.ma\/index.php?rest_route=\/wp\/v2\/types\/page"}],"author":[{"embeddable":true,"href":"https:\/\/divatech.ma\/index.php?rest_route=\/wp\/v2\/users\/1"}],"replies":[{"embeddable":true,"href":"https:\/\/divatech.ma\/index.php?rest_route=%2Fwp%2Fv2%2Fcomments&post=190"}],"version-history":[{"count":6,"href":"https:\/\/divatech.ma\/index.php?rest_route=\/wp\/v2\/pages\/190\/revisions"}],"predecessor-version":[{"id":556,"href":"https:\/\/divatech.ma\/index.php?rest_route=\/wp\/v2\/pages\/190\/revisions\/556"}],"wp:attachment":[{"href":"https:\/\/divatech.ma\/index.php?rest_route=%2Fwp%2Fv2%2Fmedia&parent=190"}],"curies":[{"name":"wp","href":"https:\/\/api.w.org\/{rel}","templated":true}]}}