{"id":192,"date":"2020-12-19T10:51:56","date_gmt":"2020-12-19T10:51:56","guid":{"rendered":"http:\/\/sw-themes.com\/porto_dummy\/?page_id=192"},"modified":"2023-11-14T17:59:13","modified_gmt":"2023-11-14T17:59:13","slug":"products","status":"publish","type":"page","link":"https:\/\/divatech.ma\/?page_id=192","title":{"rendered":"Avantages"},"content":{"rendered":"<section class=\"wpb-content-wrapper\"><p>[vc_row wrap_container=\u00a0\u00bbyes\u00a0\u00bb el_class=\u00a0\u00bbposition-relative z-index-2 py-5&Prime; css=\u00a0\u00bb.vc_custom_1608529274311{background-color: #f7f7f7 !important;}\u00a0\u00bb][vc_column el_class=\u00a0\u00bbpt-3&Prime;]<div class=\"porto-animation overflow-hidden\" >[vc_custom_heading text=\u00a0\u00bbAVANTAGES\u00a0\u00bb font_container=\u00a0\u00bbtag:h3|font_size:1.2em|text_align:center|line_height:42px\u00a0\u00bb use_theme_fonts=\u00a0\u00bbyes\u00a0\u00bb font_weight=\u00a0\u00bb500&Prime; skin=\u00a0\u00bbprimary\u00a0\u00bb letter_spacing=\u00a0\u00bb2.5px\u00a0\u00bb animation_delay=\u00a0\u00bb200&Prime; el_class=\u00a0\u00bbmb-0&Prime; animation_type=\u00a0\u00bbmaskUp\u00a0\u00bb]<\/div><div class=\"porto-animation overflow-hidden mb-3\" >[vc_custom_heading text=\u00a0\u00bbPourquoi le Cool Roofing?\u00a0\u00bb font_container=\u00a0\u00bbtag:h2|font_size:2.5em|text_align:center|line_height:1.2&Prime; use_theme_fonts=\u00a0\u00bbyes\u00a0\u00bb font_weight=\u00a0\u00bb700&Prime; animation_delay=\u00a0\u00bb500&Prime; el_class=\u00a0\u00bbmb-0&Prime; animation_type=\u00a0\u00bbmaskUp\u00a0\u00bb]<\/div>[vc_custom_heading text=\u00a0\u00bbLes vagues de chaleur ont toujours \u00e9t\u00e9 un d\u00e9fi \u00e0 affronter, particuli\u00e8rement en \u00e9t\u00e9 o\u00f9 elles sont plus fr\u00e9quentes. Cependant, m\u00eame en hiver, la chaleur extr\u00eame peut s&rsquo;abattre sur les maisons et les b\u00e2timents. On ne s&rsquo;en rend peut-\u00eatre pas compte lorsque le temps froid frappe, mais cela peut devenir trop pour votre maison \u00e0 g\u00e9rer. C&rsquo;est l\u00e0 qu&rsquo;intervient un toit frais.<\/p>\n<p>Un toit frais est con\u00e7u pour \u00eatre suffisamment bien isol\u00e9 pour retenir la chaleur de l&rsquo;int\u00e9rieur vers l&rsquo;ext\u00e9rieur et l&#8217;emp\u00eacher de s&rsquo;\u00e9chapper \u00e0 travers le toit. Il peut facilement r\u00e9duire la temp\u00e9rature de votre maison de quelques degr\u00e9s, ce qui peut ne pas sembler beaucoup, mais au fil du temps, c&rsquo;est plus que suffisant pour faire une diff\u00e9rence dans les co\u00fbts \u00e9nerg\u00e9tiques et le niveau de confort.<\/p>\n<p>Les avantages d&rsquo;opter pour un mat\u00e9riau de toit frais par rapport \u00e0 votre mat\u00e9riau de toiture standard sont facilement perceptibles.\u00a0\u00bb font_container=\u00a0\u00bbtag:p|font_size:1.4em|text_align:center|line_height:1.7&Prime; use_theme_fonts=\u00a0\u00bbyes\u00a0\u00bb animation_delay=\u00a0\u00bb600&Prime; el_class=\u00a0\u00bbcustom-font1 col-lg-9 col-xl-8 px-0 mx-auto mb-5 pb-3&Prime; animation_type=\u00a0\u00bbfadeInUp\u00a0\u00bb]<div class=\"porto-history wpb_content_element \" data-appear-animation=\"bounce\"><div class=\"featured-box\"><div class=\"box-content\"><h4 class=\"heading-primary\"><strong>Pour les Occupants<\/strong><\/h4><p>&nbsp;<\/p>\n<p><img loading=\"lazy\" decoding=\"async\" class=\"size-medium wp-image-489 aligncenter\" src=\"https:\/\/divatech.ma\/wp-content\/uploads\/2023\/11\/how-to-relax-300x150.webp\" alt=\"\" width=\"300\" height=\"150\" \/><\/p>\n<p>Un toit frais peut rendre votre maison plus confortable. Les rayons UV du soleil peuvent chauffer votre toit jusqu&rsquo;\u00e0 400 degr\u00e9s Fahrenheit. Cela peut rendre inconfortable d&rsquo;\u00eatre chez vous pendant l&rsquo;\u00e9t\u00e9. Un toit frais contribuera \u00e0 maintenir votre maison au frais pendant les mois d&rsquo;\u00e9t\u00e9 en r\u00e9fl\u00e9chissant les rayons du soleil, ce qui aide \u00e0 maintenir votre maison plus fra\u00eeche pendant cette p\u00e9riode.<\/p>\n<p><strong>1.Air plus propre, maison plus propre<\/strong><\/p>\n<p>Si vous avez un toit frais, il peut \u00e9galement am\u00e9liorer la qualit\u00e9 de l&rsquo;air dans votre maison. Un toit frais aide \u00e0 filtrer les particules de poussi\u00e8re et autres contaminants pr\u00e9sents dans l&rsquo;air, et r\u00e9duit le smog. Cela peut contribuer \u00e0 am\u00e9liorer votre sant\u00e9 globale, car l&rsquo;air \u00e0 l&rsquo;int\u00e9rieur de votre maison est plus propre qu&rsquo;\u00e0 l&rsquo;ext\u00e9rieur. La temp\u00e9rature de surface plus froide facilite \u00e9galement le nettoyage de votre maison car la salet\u00e9 n&rsquo;adh\u00e8re pas autant.<\/p>\n<p>Les toits frais conduisent \u00e0 un meilleur sommeil la nuit et \u00e0 moins de maux de t\u00eate pendant la journ\u00e9e. Ils r\u00e9duisent le risque de maladies li\u00e9es \u00e0 la chaleur telles que les coups de chaleur, la d\u00e9shydratation et l&rsquo;\u00e9puisement en maintenant votre maison plus fra\u00eeche pendant les mois d&rsquo;\u00e9t\u00e9. C&rsquo;est \u00e9galement meilleur pour les animaux de compagnie qui pourraient souffrir de la chaleur ou d&rsquo;allergies caus\u00e9es par les acariens de la poussi\u00e8re ou les spores de moisissure dans un espace de grenier.<\/p>\n<p><strong>2. S\u00e9curit\u00e9<\/strong><\/p>\n<p>Un toit sale et sombre emprisonne les polluants et la poussi\u00e8re \u00e0 sa surface, rendant ces contaminants plus concentr\u00e9s que s&rsquo;ils \u00e9taient r\u00e9partis sur toute la surface du toit. Ces polluants peuvent causer des probl\u00e8mes respiratoires aux personnes passant beaucoup de temps \u00e0 l&rsquo;int\u00e9rieur, ainsi que des dommages aux \u00e9quipements \u00e9lectroniques sensibles situ\u00e9s sur ces toits, tels que les panneaux solaires ou les antennes paraboliques.<\/p>\n<p><strong>3. Factures d&rsquo;\u00c9nergie Moins \u00c9lev\u00e9es<\/strong><\/p>\n<p>Les toits frais facilitent le maintien de votre maison plus fra\u00eeche pendant les mois d&rsquo;\u00e9t\u00e9 en r\u00e9fl\u00e9chissant la lumi\u00e8re du soleil au lieu de l&rsquo;absorber. En r\u00e9fl\u00e9chissant la lumi\u00e8re du soleil, les toits frais contribuent \u00e0 maintenir votre maison plus chaude pendant les mois d&rsquo;hiver en pr\u00e9venant la perte de chaleur radiante \u00e0 travers les mat\u00e9riaux de toiture. De plus, les toits frais augmentent l&rsquo;efficacit\u00e9 \u00e9nerg\u00e9tique en r\u00e9duisant les co\u00fbts de climatisation et en diminuant les co\u00fbts \u00e0 long terme de la maintenance des toits aux EAU associ\u00e9s aux probl\u00e8mes de r\u00e9gulation de la temp\u00e9rature int\u00e9rieure.<\/p>\n<p><strong>4. Prolongation de la Dur\u00e9e de Vie de Votre Syst\u00e8me de Climatisation et R\u00e9duction des Co\u00fbts d&rsquo;Entretien<\/strong><\/p>\n<p>Les toits frais sont fabriqu\u00e9s \u00e0 partir de mat\u00e9riaux tels que le cuivre, le m\u00e9tal terne, l&rsquo;aluminium et l&rsquo;acier rev\u00eatu de zinc. Ils r\u00e9fl\u00e9chissent plus de lumi\u00e8re, la plupart de l&rsquo;\u00e9nergie solaire avant qu&rsquo;elle ne puisse chauffer votre maison ou votre b\u00e2timent, par rapport aux toits traditionnels en goudron noir et gravier. De cette mani\u00e8re, ils r\u00e9duisent la quantit\u00e9 de chaleur qui p\u00e9n\u00e8tre dans l&rsquo;espace du grenier \u00e0 la fois par convection et par rayonnement. Cela aide \u00e0 prolonger la vie de votre syst\u00e8me de climatisation en r\u00e9duisant le temps qu&rsquo;il doit fonctionner et la quantit\u00e9 d&rsquo;\u00e9nergie utilis\u00e9e.<\/p>\n<p><strong>5. Co\u00fbts d&rsquo;Entretien R\u00e9duits<\/strong><\/p>\n<p>Les toits frais sont deux fois plus r\u00e9sistants que les bardeaux d&rsquo;asphalte classiques et durent plus longtemps que les toits traditionnels sans entretien suppl\u00e9mentaire. Parce qu&rsquo;ils sont plus durables que d&rsquo;autres types de mat\u00e9riaux de toiture, vous pouvez \u00e9conomiser de l&rsquo;argent sur les r\u00e9parations \u00e0 long terme en choisissant un toit frais pour votre.<\/p>\n<\/div><\/div><\/div><div class=\"porto-history wpb_content_element \" data-appear-animation=\"bounce\"><div class=\"featured-box\"><div class=\"box-content\"><h4 class=\"heading-primary\"><strong>Pour les B\u00e2timents<\/strong><\/h4><p>&nbsp;<\/p>\n<p><img loading=\"lazy\" decoding=\"async\" class=\"size-medium wp-image-487 aligncenter\" src=\"https:\/\/divatech.ma\/wp-content\/uploads\/2023\/11\/iko-revetement-duoreflect-300x188.webp\" alt=\"\" width=\"300\" height=\"188\" \/><\/p>\n<p>Un toit frais est un toit con\u00e7u et install\u00e9 pour refl\u00e9ter la lumi\u00e8re du soleil. Le r\u00e9sultat est un environnement int\u00e9rieur plus frais pour votre maison ou votre propri\u00e9t\u00e9 commerciale.<!--more--><\/p>\n<p><strong>1. Prolongation de la Dur\u00e9e de Vie de Votre Toit<\/strong><\/p>\n<p>Les toits frais sont un excellent moyen d&#8217;embellir votre maison ou votre entreprise, tout en la prot\u00e9geant des \u00e9l\u00e9ments. Le rev\u00eatement r\u00e9fl\u00e9chissant la chaleur du mat\u00e9riau de toit frais \u00e0 Dubai est con\u00e7u pour d\u00e9vier la chaleur du soleil afin qu&rsquo;elle n&rsquo;atteigne pas votre mat\u00e9riau de toiture et ne cause des dommages au fil du temps. La dur\u00e9e de vie prolong\u00e9e vous permettra de d\u00e9penser moins d&rsquo;argent pour remplacer des parties de votre syst\u00e8me de toiture et d&rsquo;\u00e9conomiser de l&rsquo;argent au fil du temps.<\/p>\n<p><strong>2. D\u00e9shumidificateur<\/strong><\/p>\n<p>Les toits frais aident \u00e9galement \u00e0 d\u00e9shumidifier un b\u00e2timent pendant les mois plus chauds. Comme ils absorbent moins d&rsquo;humidit\u00e9 de la pluie et des syst\u00e8mes d&rsquo;irrigation pendant les p\u00e9riodes chaudes et s\u00e8ches, cela peut aider \u00e0 pr\u00e9venir les probl\u00e8mes d&rsquo;humidit\u00e9 dans les maisons (comme la croissance de moisissures).<\/p>\n<p><strong>3. Polyvalence<\/strong><\/p>\n<p>Les toits frais sont un choix populaire pour les propri\u00e9taires et les constructeurs car ils peuvent \u00eatre install\u00e9s sur la plupart des types de b\u00e2timents, y compris les maisons et les bureaux. Que ce soit pour l&rsquo;imperm\u00e9abilisation d&rsquo;une usine, d&rsquo;une industrie ou d&rsquo;un entrep\u00f4t. Ils durent \u00e9galement plus longtemps que les mat\u00e9riaux de toiture conventionnels car ils sont moins susceptibles \u00e0 l&rsquo;usure due aux conditions m\u00e9t\u00e9orologiques.<\/p>\n<\/div><\/div><\/div><div class=\"porto-history wpb_content_element \" data-appear-animation=\"bounce\"><div class=\"featured-box\"><div class=\"box-content\"><h4 class=\"heading-primary\"><strong>Pour l'Environnement<\/strong><\/h4><p>&nbsp;<\/p>\n<p><strong><img loading=\"lazy\" decoding=\"async\" class=\"size-medium wp-image-486 aligncenter\" src=\"https:\/\/divatech.ma\/wp-content\/uploads\/2023\/11\/DD-076.roofing-300x300.jpg\" alt=\"\" width=\"300\" height=\"300\" \/><\/strong><\/p>\n<p><strong>1. R\u00e9duction de l&rsquo;Effet d&rsquo;\u00celot de Chaleur Urbain<\/strong><\/p>\n<p>L&rsquo;effet d&rsquo;\u00eelot de chaleur urbain se produit lorsque de grandes \u00e9tendues de surfaces imperm\u00e9ables emprisonnent la chaleur, qui se dissipe ensuite dans l&rsquo;atmosph\u00e8re. C&rsquo;est ce qui rend les villes plus chaudes que les zones environnantes. En installant un toit frais, vous pouvez contribuer \u00e0 r\u00e9duire les temp\u00e9ratures de l&rsquo;air locales et att\u00e9nuer cet effet. En utilisant des bardeaux d&rsquo;asphalte caoutchout\u00e9 noir ou de couleur sombre, vous pouvez r\u00e9duire les temp\u00e9ratures de surface jusqu&rsquo;\u00e0 40 degr\u00e9s Fahrenheit. Cela signifie moins de consommation d&rsquo;\u00e9nergie et moins d&rsquo;argent d\u00e9pens\u00e9 pour le refroidissement.<\/p>\n<p><strong>2. R\u00e9duction de la Pollution et des \u00c9missions de Gaz \u00e0 Effet de Serre<\/strong><\/p>\n<p>Principalement, un toit frais r\u00e9fl\u00e9chit plus de lumi\u00e8re solaire qu&rsquo;un toit conventionnel. Lorsque la lumi\u00e8re du soleil frappe un toit noir ou de couleur sombre, il absorbe cette chaleur et la r\u00e9\u00e9met dans l&rsquo;atmosph\u00e8re sous forme de rayonnement infrarouge (c&rsquo;est-\u00e0-dire de chaleur). Parce que ce processus se produit sur de nombreuses longueurs d&rsquo;onde, il contribue au r\u00e9chauffement mondial en augmentant la temp\u00e9rature de notre atmosph\u00e8re et de nos oc\u00e9ans.<\/p>\n<p>Ils r\u00e9duisent la quantit\u00e9 de polluants \u00e9mis dans l&rsquo;air lorsque les b\u00e2timents sont chauff\u00e9s, ainsi que le smog et les particules dans notre atmosph\u00e8re, en r\u00e9duisant la n\u00e9cessit\u00e9 de combustion dans les centrales \u00e9lectriques produisant de l&rsquo;\u00e9lectricit\u00e9 utilis\u00e9e par les climatiseurs et autres dispositifs de refroidissement.<\/p>\n<p><strong>3. Baisse de la Demande Maximale d&rsquo;\u00c9lectricit\u00e9, ce qui peut Aider \u00e0 Pr\u00e9venir les Pannes de Courant<\/strong><\/p>\n<p>Un toit frais peut r\u00e9duire la demande maximale d&rsquo;\u00e9lectricit\u00e9 en r\u00e9duisant la quantit\u00e9 de rayonnement solaire absorb\u00e9e par l&rsquo;enveloppe d&rsquo;un b\u00e2timent. Cela signifie que moins d&rsquo;\u00e9nergie est transf\u00e9r\u00e9e de l&rsquo;int\u00e9rieur d&rsquo;un b\u00e2timent vers l&rsquo;air ext\u00e9rieur, ce qui r\u00e9duit la n\u00e9cessit\u00e9 de la climatisation pendant les journ\u00e9es chaudes d&rsquo;\u00e9t\u00e9. Cela contribue \u00e0 pr\u00e9venir les pannes de courant pendant les vagues de chaleur extr\u00eame.<\/p>\n<p><strong>4. Sources d&rsquo;Eau Plus Propres<\/strong><\/p>\n<p>Les toits frais retiennent mieux l&rsquo;eau de pluie que les toits noirs, ce qui signifie moins de pollution des eaux de ruissellement dans nos rivi\u00e8res et cours d&rsquo;eau apr\u00e8s les temp\u00eates. C&rsquo;est une bonne nouvelle pour les poissons et autres animaux sauvages qui d\u00e9pendent d&rsquo;une eau propre pour survivre.<\/p>\n<p><strong>Conclusion<\/strong><\/p>\n<p>Dans l&rsquo;ensemble, vous pouvez trouver des avantages significatifs en installant des toits frais pour votre maison. Les toits frais sont tr\u00e8s efficaces pour emp\u00eacher la perte de chaleur solaire de la couche sup\u00e9rieure de votre toit. L&rsquo;installation d&rsquo;un toit frais permet de r\u00e9duire les co\u00fbts de climatisation sur votre propri\u00e9t\u00e9 et les primes d&rsquo;assurance habitation. Il b\u00e9n\u00e9ficie \u00e9galement \u00e0 l&rsquo;environnement en contribuant \u00e0 r\u00e9duire les niveaux de dioxyde de carbone dans l&rsquo;atmosph\u00e8re et en minimisant les \u00e9missions de chaleur rayonnante.<\/p>\n<\/div><\/div><\/div>[\/vc_column][\/vc_row]<\/p>\n<\/section>","protected":false},"excerpt":{"rendered":"<p>[vc_row wrap_container=\u00a0\u00bbyes\u00a0\u00bb el_class=\u00a0\u00bbposition-relative z-index-2 py-5&Prime; css=\u00a0\u00bb.vc_custom_1608529274311{background-color: #f7f7f7 !important;}\u00a0\u00bb][vc_column el_class=\u00a0\u00bbpt-3&Prime;][vc_custom_heading text=\u00a0\u00bbLes vagues de chaleur ont toujours \u00e9t\u00e9 un d\u00e9fi \u00e0 affronter, particuli\u00e8rement en \u00e9t\u00e9 o\u00f9 elles sont plus fr\u00e9quentes. Cependant, m\u00eame en hiver, la chaleur extr\u00eame peut s&rsquo;abattre sur les maisons et les b\u00e2timents. On ne s&rsquo;en rend peut-\u00eatre pas compte lorsque le temps froid frappe, [&hellip;]<\/p>\n","protected":false},"author":1,"featured_media":0,"parent":0,"menu_order":0,"comment_status":"closed","ping_status":"closed","template":"","meta":{"footnotes":""},"class_list":["post-192","page","type-page","status-publish","hentry"],"acf":[],"_links":{"self":[{"href":"https:\/\/divatech.ma\/index.php?rest_route=\/wp\/v2\/pages\/192","targetHints":{"allow":["GET"]}}],"collection":[{"href":"https:\/\/divatech.ma\/index.php?rest_route=\/wp\/v2\/pages"}],"about":[{"href":"https:\/\/divatech.ma\/index.php?rest_route=\/wp\/v2\/types\/page"}],"author":[{"embeddable":true,"href":"https:\/\/divatech.ma\/index.php?rest_route=\/wp\/v2\/users\/1"}],"replies":[{"embeddable":true,"href":"https:\/\/divatech.ma\/index.php?rest_route=%2Fwp%2Fv2%2Fcomments&post=192"}],"version-history":[{"count":12,"href":"https:\/\/divatech.ma\/index.php?rest_route=\/wp\/v2\/pages\/192\/revisions"}],"predecessor-version":[{"id":553,"href":"https:\/\/divatech.ma\/index.php?rest_route=\/wp\/v2\/pages\/192\/revisions\/553"}],"wp:attachment":[{"href":"https:\/\/divatech.ma\/index.php?rest_route=%2Fwp%2Fv2%2Fmedia&parent=192"}],"curies":[{"name":"wp","href":"https:\/\/api.w.org\/{rel}","templated":true}]}}