{"id":525,"date":"2023-11-12T16:35:39","date_gmt":"2023-11-12T16:35:39","guid":{"rendered":"https:\/\/divatech.ma\/?page_id=525"},"modified":"2023-11-13T18:44:45","modified_gmt":"2023-11-13T18:44:45","slug":"a-propos","status":"publish","type":"page","link":"https:\/\/divatech.ma\/?page_id=525","title":{"rendered":"A Propos"},"content":{"rendered":"<section class=\"wpb-content-wrapper\"><p>[vc_row no_padding=\u00a0\u00bbyes\u00a0\u00bb el_class=\u00a0\u00bbpc-section-shape-background py-5&Prime; css=\u00a0\u00bb.vc_custom_1608375578442{background-color: #f7f7f7 !important;}\u00a0\u00bb][vc_column]<div class=\"porto-container container position-relative z-index-2 my-5\">[vc_row_inner content_placement=\u00a0\u00bbmiddle\u00a0\u00bb][vc_column_inner el_class=\u00a0\u00bbpe-lg-5 mb-4 mb-lg-0&Prime; offset=\u00a0\u00bbvc_col-md-6&Prime;][vc_single_image image=\u00a0\u00bb449&Prime; img_size=\u00a0\u00bbfull\u00a0\u00bb animation_delay=\u00a0\u00bb200&Prime; el_class=\u00a0\u00bbmb-0 box-shadow-3&Prime; animation_type=\u00a0\u00bbfadeInLeft\u00a0\u00bb css=\u00a0\u00bb.vc_custom_1698953694066{border-radius: 4px !important;}\u00a0\u00bb][\/vc_column_inner][vc_column_inner animation_delay=\u00a0\u00bb500&Prime; offset=\u00a0\u00bbvc_col-md-6&Prime; animation_type=\u00a0\u00bbfadeInLeft\u00a0\u00bb][vc_custom_heading text=\u00a0\u00bbDIVATECH MAROC\u00a0\u00bb font_container=\u00a0\u00bbtag:h3|font_size:1.2em|text_align:left|line_height:42px\u00a0\u00bb use_theme_fonts=\u00a0\u00bbyes\u00a0\u00bb font_weight=\u00a0\u00bb500&Prime; skin=\u00a0\u00bbprimary\u00a0\u00bb letter_spacing=\u00a0\u00bb2.5px\u00a0\u00bb animation_delay=\u00a0\u00bb\u00a0\u00bb el_class=\u00a0\u00bbmb-0&Prime;][vc_custom_heading text=\u00a0\u00bbAper\u00e7u de l&rsquo;Entreprise\u00a0\u00bb font_container=\u00a0\u00bbtag:h2|font_size:2.5em|text_align:left|line_height:1.2&Prime; use_theme_fonts=\u00a0\u00bbyes\u00a0\u00bb font_weight=\u00a0\u00bb700&Prime; animation_delay=\u00a0\u00bb\u00a0\u00bb el_class=\u00a0\u00bbmb-3&Prime;][vc_custom_heading text=\u00a0\u00bbChez DIVATECH MAROC, nous sommes fiers d&rsquo;\u00eatre un leader en mati\u00e8re de cool roofing et de solutions \u00e9co\u00e9nerg\u00e9tiques de toiture. Notre engagement envers l&rsquo;efficacit\u00e9 \u00e9nerg\u00e9tique et la durabilit\u00e9 nous distingue en tant qu&rsquo;entreprise d\u00e9di\u00e9e \u00e0 am\u00e9liorer l&rsquo;environnement b\u00e2ti et \u00e0 offrir des avantages tangibles \u00e0 nos clients.\u00a0\u00bb font_container=\u00a0\u00bbtag:p|font_size:1.4em|text_align:left|line_height:1.7&Prime; use_theme_fonts=\u00a0\u00bbyes\u00a0\u00bb animation_delay=\u00a0\u00bb\u00a0\u00bb el_class=\u00a0\u00bbcustom-font1 pb-3 mb-4&Prime;][vc_custom_heading text=\u00a0\u00bbFond\u00e9e en 2014, DIVATECH a \u00e9t\u00e9 cr\u00e9\u00e9e avec une vision claire : r\u00e9volutionner la fa\u00e7on dont les toits sont con\u00e7us et entretenus. Nous avons rapidement \u00e9merg\u00e9 comme des pionniers dans le domaine du cool roofing, offrant des solutions de pointe pour les propri\u00e9taires r\u00e9sidentiels, les entreprises et les industries.\u00a0\u00bb font_container=\u00a0\u00bbtag:p|text_align:left\u00a0\u00bb use_theme_fonts=\u00a0\u00bbyes\u00a0\u00bb el_class=\u00a0\u00bbmb-0&Prime;][\/vc_column_inner][\/vc_row_inner]<\/div>[\/vc_column][\/vc_row][vc_row no_padding=\u00a0\u00bbyes\u00a0\u00bb el_class=\u00a0\u00bbpc-section-shape-background shape-reverse py-5&Prime; css=\u00a0\u00bb.vc_custom_1608376009226{background-color: #f7f7f7 !important;}\u00a0\u00bb][vc_column]<div class=\"porto-container container position-relative z-index-2 my-5\">[vc_row_inner content_placement=\u00a0\u00bbmiddle\u00a0\u00bb][vc_column_inner el_class=\u00a0\u00bbps-lg-5 mb-4 mb-lg-0 order-lg-1&Prime; animation_delay=\u00a0\u00bb\u00a0\u00bb offset=\u00a0\u00bbvc_col-md-6&Prime;][vc_single_image image=\u00a0\u00bb406&Prime; img_size=\u00a0\u00bbfull\u00a0\u00bb animation_delay=\u00a0\u00bb500&Prime; el_class=\u00a0\u00bbmb-0 box-shadow-3&Prime; animation_type=\u00a0\u00bbfadeInRight\u00a0\u00bb][\/vc_column_inner][vc_column_inner animation_delay=\u00a0\u00bb200&Prime; offset=\u00a0\u00bbvc_col-md-6&Prime; animation_type=\u00a0\u00bbfadeInRight\u00a0\u00bb][vc_custom_heading text=\u00a0\u00bbNOS VALEURS\u00a0\u00bb font_container=\u00a0\u00bbtag:h3|font_size:1.2em|text_align:left|line_height:42px\u00a0\u00bb use_theme_fonts=\u00a0\u00bbyes\u00a0\u00bb font_weight=\u00a0\u00bb500&Prime; skin=\u00a0\u00bbprimary\u00a0\u00bb letter_spacing=\u00a0\u00bb2.5px\u00a0\u00bb animation_delay=\u00a0\u00bb\u00a0\u00bb el_class=\u00a0\u00bbmb-0&Prime;][vc_custom_heading text=\u00a0\u00bbNotre Mission\u00a0\u00bb font_container=\u00a0\u00bbtag:h2|font_size:2.5em|text_align:left|line_height:1.2&Prime; use_theme_fonts=\u00a0\u00bbyes\u00a0\u00bb font_weight=\u00a0\u00bb700&Prime; animation_delay=\u00a0\u00bb\u00a0\u00bb el_class=\u00a0\u00bbmb-3&Prime;][vc_custom_heading text=\u00a0\u00bbNotre mission est de promouvoir des toits plus frais et plus durables, r\u00e9duisant la consommation d&rsquo;\u00e9nergie et l&#8217;empreinte carbone des b\u00e2timents. Nous nous engageons \u00e0 fournir des solutions de cool roofing de haute qualit\u00e9, \u00e0 sensibiliser nos clients aux avantages de l&rsquo;efficacit\u00e9 \u00e9nerg\u00e9tique et \u00e0 contribuer \u00e0 la pr\u00e9servation de notre environnement.\u00a0\u00bb font_container=\u00a0\u00bbtag:p|font_size:1.4em|text_align:left|line_height:1.7&Prime; use_theme_fonts=\u00a0\u00bbyes\u00a0\u00bb animation_delay=\u00a0\u00bb\u00a0\u00bb el_class=\u00a0\u00bbcustom-font1 pb-3 mb-4&Prime;][\/vc_column_inner][\/vc_row_inner]<\/div>[\/vc_column][\/vc_row][vc_row wrap_container=\u00a0\u00bbyes\u00a0\u00bb el_class=\u00a0\u00bbbackground-color-light position-relative z-index-2 py-5&Prime;][vc_column el_class=\u00a0\u00bbpt-3 mt-5&Prime;]<div class=\"porto-animation overflow-hidden\" >[vc_custom_heading text=\u00a0\u00bbNOS VALEURS\u00a0\u00bb font_container=\u00a0\u00bbtag:h3|font_size:1.2em|text_align:center|line_height:42px\u00a0\u00bb use_theme_fonts=\u00a0\u00bbyes\u00a0\u00bb font_weight=\u00a0\u00bb500&Prime; skin=\u00a0\u00bbprimary\u00a0\u00bb letter_spacing=\u00a0\u00bb2.5px\u00a0\u00bb animation_delay=\u00a0\u00bb200&Prime; el_class=\u00a0\u00bbmb-0&Prime; animation_type=\u00a0\u00bbmaskUp\u00a0\u00bb]<\/div><div class=\"porto-animation overflow-hidden mb-3\" >[vc_custom_heading text=\u00a0\u00bbExcellence | Durabilit\u00e9 | Int\u00e9grit\u00e9 | Innovation\u00a0\u00bb font_container=\u00a0\u00bbtag:h2|font_size:2.5em|text_align:center|line_height:1.2&Prime; use_theme_fonts=\u00a0\u00bbyes\u00a0\u00bb font_weight=\u00a0\u00bb700&Prime; animation_delay=\u00a0\u00bb500&Prime; el_class=\u00a0\u00bbmb-0&Prime; animation_type=\u00a0\u00bbmaskUp\u00a0\u00bb]<\/div><div class=\"porto-carousel owl-carousel has-ccols has-ccols-spacing ccols-xl-4 ccols-lg-3 ccols-md-2 ccols-1 mb-5 section-industries stage-margin wpb_custom_b00ac556524e9b41e1b3eea637ad1d3b nav-style-1\" data-appear-animation=\"fadeInUp\" data-appear-animation-delay=\"750\" data-plugin-options=\"{&quot;themeConfig&quot;:true,&quot;stagePadding&quot;:75,&quot;margin&quot;:20,&quot;autoplay&quot;:false,&quot;mouseDrag&quot;:true,&quot;touchDrag&quot;:true,&quot;autoplayTimeout&quot;:5000,&quot;autoplayHoverPause&quot;:false,&quot;items&quot;:4,&quot;xl&quot;:4,&quot;lg&quot;:3,&quot;md&quot;:2,&quot;sm&quot;:1,&quot;xs&quot;:1,&quot;nav&quot;:&quot;yes&quot;,&quot;dots&quot;:false,&quot;animateIn&quot;:&quot;&quot;,&quot;animateOut&quot;:&quot;&quot;,&quot;loop&quot;:false,&quot;center&quot;:false,&quot;video&quot;:false,&quot;lazyLoad&quot;:false,&quot;fullscreen&quot;:false}\"><div class=\"porto-ultimate-content-box-container \"><style>#porto_ucb_7731{will-change: box-shadow;box-shadow: none;}#porto_ucb_7731:hover{box-shadow:none}<\/style><div class=\"porto-ultimate-content-box vc_custom_1608383819876\" style=\"background-color:#4d4e50;min-height:277px;\" data-bg=\"#4d4e50\" id=\"porto_ucb_7731\">[vc_custom_heading text=\u00a0\u00bbExcellence :\u00a0\u00bb font_container=\u00a0\u00bbtag:h4|font_size:1.8em|text_align:center\u00a0\u00bb use_theme_fonts=\u00a0\u00bbyes\u00a0\u00bb skin=\u00a0\u00bblight\u00a0\u00bb el_class=\u00a0\u00bbmb-4&Prime;][vc_custom_heading text=\u00a0\u00bbNous visons l&rsquo;excellence dans tout ce que nous entreprenons, de la qualit\u00e9 de nos produits et services \u00e0 l&rsquo;exp\u00e9rience de nos clients.\u00a0\u00bb font_container=\u00a0\u00bbtag:p|text_align:center|color:rgba(255%2C255%2C255%2C0.6)\u00a0\u00bb use_theme_fonts=\u00a0\u00bbyes\u00a0\u00bb font_weight=\u00a0\u00bb300&Prime; el_class=\u00a0\u00bbmb-0&Prime;]<\/div><\/div><div class=\"porto-ultimate-content-box-container \"><style>#porto_ucb_8895{will-change: box-shadow;box-shadow: none;}#porto_ucb_8895:hover{box-shadow:none}<\/style><div class=\"porto-ultimate-content-box vc_custom_1608383819876\" style=\"background-color:#4d4e50;min-height:277px;\" data-bg=\"#4d4e50\" id=\"porto_ucb_8895\">[vc_custom_heading text=\u00a0\u00bbDurabilit\u00e9:\u00a0\u00bb font_container=\u00a0\u00bbtag:h4|font_size:1.8em|text_align:center\u00a0\u00bb use_theme_fonts=\u00a0\u00bbyes\u00a0\u00bb skin=\u00a0\u00bblight\u00a0\u00bb el_class=\u00a0\u00bbmb-4&Prime;][vc_custom_heading text=\u00a0\u00bbNous croyons en la durabilit\u00e9, en prot\u00e9geant l&rsquo;environnement et en r\u00e9duisant l&rsquo;impact environnemental des b\u00e2timents.\u00a0\u00bb font_container=\u00a0\u00bbtag:p|text_align:center|color:rgba(255%2C255%2C255%2C0.6)\u00a0\u00bb use_theme_fonts=\u00a0\u00bbyes\u00a0\u00bb font_weight=\u00a0\u00bb300&Prime; el_class=\u00a0\u00bbmb-0&Prime;]<\/div><\/div><div class=\"porto-ultimate-content-box-container \"><style>#porto_ucb_4676{will-change: box-shadow;box-shadow: none;}#porto_ucb_4676:hover{box-shadow:none}<\/style><div class=\"porto-ultimate-content-box vc_custom_1608383819876\" style=\"background-color:#4d4e50;min-height:277px;\" data-bg=\"#4d4e50\" id=\"porto_ucb_4676\">[vc_custom_heading text=\u00a0\u00bbInt\u00e9grit\u00e9 :\u00a0\u00bb font_container=\u00a0\u00bbtag:h4|font_size:1.8em|text_align:center\u00a0\u00bb use_theme_fonts=\u00a0\u00bbyes\u00a0\u00bb skin=\u00a0\u00bblight\u00a0\u00bb el_class=\u00a0\u00bbmb-4&Prime;][vc_custom_heading text=\u00a0\u00bbNous op\u00e9rons avec int\u00e9grit\u00e9, transparence et \u00e9thique dans toutes nos interactions avec les clients, les partenaires et les employ\u00e9s.\u00a0\u00bb font_container=\u00a0\u00bbtag:p|text_align:center|color:rgba(255%2C255%2C255%2C0.6)\u00a0\u00bb use_theme_fonts=\u00a0\u00bbyes\u00a0\u00bb font_weight=\u00a0\u00bb300&Prime; el_class=\u00a0\u00bbmb-0&Prime;]<\/div><\/div><div class=\"porto-ultimate-content-box-container \"><style>#porto_ucb_1053{will-change: box-shadow;box-shadow: none;}#porto_ucb_1053:hover{box-shadow:none}<\/style><div class=\"porto-ultimate-content-box vc_custom_1608383819876\" style=\"background-color:#4d4e50;min-height:277px;\" data-bg=\"#4d4e50\" id=\"porto_ucb_1053\">[vc_custom_heading text=\u00a0\u00bbInnovation :\u00a0\u00bb font_container=\u00a0\u00bbtag:h4|font_size:1.8em|text_align:center\u00a0\u00bb use_theme_fonts=\u00a0\u00bbyes\u00a0\u00bb skin=\u00a0\u00bblight\u00a0\u00bb el_class=\u00a0\u00bbmb-4&Prime;][vc_custom_heading text=\u00a0\u00bbNous sommes \u00e0 la pointe de l&rsquo;innovation en mati\u00e8re de cool roofing, recherchant en permanence de nouvelles solutions pour r\u00e9pondre aux besoins changeants de nos clients.\u00a0\u00bb font_container=\u00a0\u00bbtag:p|text_align:center|color:rgba(255%2C255%2C255%2C0.6)\u00a0\u00bb use_theme_fonts=\u00a0\u00bbyes\u00a0\u00bb font_weight=\u00a0\u00bb300&Prime; el_class=\u00a0\u00bbmb-0&Prime;]<\/div><\/div><div class=\"porto-ultimate-content-box-container \"><style>#porto_ucb_7781{will-change: box-shadow;box-shadow: none;}#porto_ucb_7781:hover{box-shadow:none}<\/style><div class=\"porto-ultimate-content-box vc_custom_1608383819876\" style=\"background-color:#4d4e50;min-height:277px;\" data-bg=\"#4d4e50\" id=\"porto_ucb_7781\">[vc_custom_heading text=\u00a0\u00bb1992&Prime; font_container=\u00a0\u00bbtag:h4|font_size:1.8em|text_align:center\u00a0\u00bb use_theme_fonts=\u00a0\u00bbyes\u00a0\u00bb skin=\u00a0\u00bblight\u00a0\u00bb el_class=\u00a0\u00bbmb-4&Prime;][vc_custom_heading text=\u00a0\u00bbLorem ipsum dolor sit amet, consectetur adipiscing elit. Lorem ipsum dolor sit amet, consectetur adipiscing elit. Lorem ipsum dolor.\u00a0\u00bb font_container=\u00a0\u00bbtag:p|text_align:center|color:rgba(255%2C255%2C255%2C0.6)\u00a0\u00bb use_theme_fonts=\u00a0\u00bbyes\u00a0\u00bb font_weight=\u00a0\u00bb300&Prime; el_class=\u00a0\u00bbmb-0&Prime;]<\/div><\/div><\/div>[\/vc_column][\/vc_row][vc_row wrap_container=\u00a0\u00bbyes\u00a0\u00bb content_placement=\u00a0\u00bbmiddle\u00a0\u00bb css=\u00a0\u00bb.vc_custom_1608386006625{padding-top: 5.5rem !important;padding-bottom: 5.5rem !important;background: #d80d07 url(\/\/sw-themes.com\/porto_dummy\/wp-content\/uploads\/2020\/12\/industry-background-2.jpg?id=125) !important;background-position: center !important;background-repeat: no-repeat !important;background-size: cover !important;}\u00a0\u00bb el_class=\u00a0\u00bboverlay-primary\u00a0\u00bb][vc_column width=\u00a0\u00bb2\/3&Prime; el_class=\u00a0\u00bbmb-4 mb-lg-0&Prime; offset=\u00a0\u00bbvc_col-md-9&Prime;][vc_custom_heading text=\u00a0\u00bbR\u00e9alisez Votre Prochain Projet!\u00a0\u00bb font_container=\u00a0\u00bbtag:h2|font_size:2.2em|text_align:left|line_height:1.3636&Prime; use_theme_fonts=\u00a0\u00bbyes\u00a0\u00bb font_weight=\u00a0\u00bb700&Prime; skin=\u00a0\u00bblight\u00a0\u00bb letter_spacing=\u00a0\u00bb.16em\u00a0\u00bb el_class=\u00a0\u00bbmb-0&Prime;][\/vc_column][vc_column offset=\u00a0\u00bbvc_col-md-3&Prime;][vc_btn title=\u00a0\u00bbContactez-nous\u00a0\u00bb style=\u00a0\u00bbmodern\u00a0\u00bb size=\u00a0\u00bblg\u00a0\u00bb align=\u00a0\u00bbleft\u00a0\u00bb skin=\u00a0\u00bblight\u00a0\u00bb btn_fw=\u00a0\u00bb700&Prime; animation_delay=\u00a0\u00bb900&Prime; link=\u00a0\u00bburl:%23&Prime; el_class=\u00a0\u00bbbtn-triangle text-lg-end mb-0&Prime;][\/vc_column][\/vc_row][vc_row wrap_container=\u00a0\u00bbyes\u00a0\u00bb el_class=\u00a0\u00bbmy-5 p-t-xl p-b-xl\u00a0\u00bb][vc_column offset=\u00a0\u00bbvc_col-md-6&Prime;]<div class=\"porto-animation overflow-hidden mb-2\" >[vc_custom_heading text=\u00a0\u00bbNOTRE EQUIPE\u00a0\u00bb font_container=\u00a0\u00bbtag:h2|font_size:3em|text_align:left|line_height:1.2&Prime; use_theme_fonts=\u00a0\u00bbyes\u00a0\u00bb font_weight=\u00a0\u00bb700&Prime; animation_delay=\u00a0\u00bb200&Prime; el_class=\u00a0\u00bbmb-0&Prime; animation_type=\u00a0\u00bbmaskUp\u00a0\u00bb]<\/div><div class=\"porto-animation overflow-hidden mb-3\" >[vc_custom_heading text=\u00a0\u00bbNotre \u00e9quipe est compos\u00e9e d&rsquo;experts en toiture\u00a0\u00bb font_container=\u00a0\u00bbtag:h3|font_size:1.2em|text_align:left|line_height:24px\u00a0\u00bb use_theme_fonts=\u00a0\u00bbyes\u00a0\u00bb font_weight=\u00a0\u00bb500&Prime; skin=\u00a0\u00bbprimary\u00a0\u00bb letter_spacing=\u00a0\u00bb2.5px\u00a0\u00bb animation_delay=\u00a0\u00bb400&Prime; el_class=\u00a0\u00bbmb-0&Prime; animation_type=\u00a0\u00bbmaskUp\u00a0\u00bb]<\/div>[vc_custom_heading text=\u00a0\u00bbChez DIVATECH, notre succ\u00e8s repose sur une \u00e9quipe d\u00e9vou\u00e9e et hautement qualifi\u00e9e de professionnels de la toiture et de l&rsquo;efficacit\u00e9 \u00e9nerg\u00e9tique. Nous sommes fiers de vous pr\u00e9senter les membres de notre \u00e9quipe qui travaillent avec passion pour offrir les meilleures solutions de cool roofing \u00e0 nos clients.\u00a0\u00bb font_container=\u00a0\u00bbtag:p|font_size:1.4em|text_align:left|line_height:1.7&Prime; use_theme_fonts=\u00a0\u00bbyes\u00a0\u00bb animation_delay=\u00a0\u00bb600&Prime; el_class=\u00a0\u00bbcustom-font1 mb-0&Prime; animation_type=\u00a0\u00bbfadeInUp\u00a0\u00bb][\/vc_column][\/vc_row]<\/p>\n<\/section>","protected":false},"excerpt":{"rendered":"<p>[vc_row no_padding=\u00a0\u00bbyes\u00a0\u00bb el_class=\u00a0\u00bbpc-section-shape-background py-5&Prime; css=\u00a0\u00bb.vc_custom_1608375578442{background-color: #f7f7f7 !important;}\u00a0\u00bb][vc_column][\/vc_column][\/vc_row][vc_row no_padding=\u00a0\u00bbyes\u00a0\u00bb el_class=\u00a0\u00bbpc-section-shape-background shape-reverse py-5&Prime; css=\u00a0\u00bb.vc_custom_1608376009226{background-color: #f7f7f7 !important;}\u00a0\u00bb][vc_column][\/vc_column][\/vc_row][vc_row wrap_container=\u00a0\u00bbyes\u00a0\u00bb el_class=\u00a0\u00bbbackground-color-light position-relative z-index-2 py-5&Prime;][vc_column el_class=\u00a0\u00bbpt-3 mt-5&Prime;][\/vc_column][\/vc_row][vc_row wrap_container=\u00a0\u00bbyes\u00a0\u00bb content_placement=\u00a0\u00bbmiddle\u00a0\u00bb css=\u00a0\u00bb.vc_custom_1608386006625{padding-top: 5.5rem !important;padding-bottom: 5.5rem !important;background: #d80d07 url(\/\/sw-themes.com\/porto_dummy\/wp-content\/uploads\/2020\/12\/industry-background-2.jpg?id=125) !important;background-position: center !important;background-repeat: no-repeat !important;background-size: cover !important;}\u00a0\u00bb el_class=\u00a0\u00bboverlay-primary\u00a0\u00bb][vc_column width=\u00a0\u00bb2\/3&Prime; el_class=\u00a0\u00bbmb-4 mb-lg-0&Prime; offset=\u00a0\u00bbvc_col-md-9&Prime;][vc_custom_heading text=\u00a0\u00bbR\u00e9alisez Votre Prochain Projet!\u00a0\u00bb font_container=\u00a0\u00bbtag:h2|font_size:2.2em|text_align:left|line_height:1.3636&Prime; use_theme_fonts=\u00a0\u00bbyes\u00a0\u00bb font_weight=\u00a0\u00bb700&Prime; skin=\u00a0\u00bblight\u00a0\u00bb letter_spacing=\u00a0\u00bb.16em\u00a0\u00bb el_class=\u00a0\u00bbmb-0&Prime;][\/vc_column][vc_column offset=\u00a0\u00bbvc_col-md-3&Prime;][vc_btn title=\u00a0\u00bbContactez-nous\u00a0\u00bb style=\u00a0\u00bbmodern\u00a0\u00bb [&hellip;]<\/p>\n","protected":false},"author":1,"featured_media":0,"parent":0,"menu_order":0,"comment_status":"closed","ping_status":"closed","template":"","meta":{"footnotes":""},"class_list":["post-525","page","type-page","status-publish","hentry"],"acf":[],"_links":{"self":[{"href":"https:\/\/divatech.ma\/index.php?rest_route=\/wp\/v2\/pages\/525","targetHints":{"allow":["GET"]}}],"collection":[{"href":"https:\/\/divatech.ma\/index.php?rest_route=\/wp\/v2\/pages"}],"about":[{"href":"https:\/\/divatech.ma\/index.php?rest_route=\/wp\/v2\/types\/page"}],"author":[{"embeddable":true,"href":"https:\/\/divatech.ma\/index.php?rest_route=\/wp\/v2\/users\/1"}],"replies":[{"embeddable":true,"href":"https:\/\/divatech.ma\/index.php?rest_route=%2Fwp%2Fv2%2Fcomments&post=525"}],"version-history":[{"count":3,"href":"https:\/\/divatech.ma\/index.php?rest_route=\/wp\/v2\/pages\/525\/revisions"}],"predecessor-version":[{"id":552,"href":"https:\/\/divatech.ma\/index.php?rest_route=\/wp\/v2\/pages\/525\/revisions\/552"}],"wp:attachment":[{"href":"https:\/\/divatech.ma\/index.php?rest_route=%2Fwp%2Fv2%2Fmedia&parent=525"}],"curies":[{"name":"wp","href":"https:\/\/api.w.org\/{rel}","templated":true}]}}